{"id":9025,"date":"2026-03-31T11:00:59","date_gmt":"2026-03-31T11:00:59","guid":{"rendered":"https:\/\/usetokenpay.com\/?page_id=9025"},"modified":"2026-04-21T11:55:10","modified_gmt":"2026-04-21T11:55:10","slug":"career","status":"publish","type":"page","link":"https:\/\/usetokenpay.com\/en\/career\/","title":{"rendered":"Karriere"},"content":{"rendered":"<div data-elementor-type=\"wp-page\" data-elementor-id=\"9025\" class=\"elementor elementor-9025\" data-elementor-post-type=\"page\">\n\t\t\t\t<div class=\"elementor-element elementor-element-43c719d e-flex e-con-boxed e-con e-parent\" data-id=\"43c719d\" data-element_type=\"container\" data-e-type=\"container\" data-settings=\"{&quot;background_background&quot;:&quot;video&quot;,&quot;background_video_link&quot;:&quot;https:\\\/\\\/usetokenpay.com\\\/wp-content\\\/uploads\\\/2026\\\/04\\\/284_SU1HXzA5MDVfU3ViXzE.mov&quot;,&quot;background_play_on_mobile&quot;:&quot;yes&quot;}\">\n\t\t\t\t\t<div class=\"e-con-inner\">\n\t\t<div class=\"elementor-background-video-container\">\n\t\t\t\t\t\t\t<video class=\"elementor-background-video-hosted\" role=\"presentation\" autoplay muted playsinline loop><\/video>\n\t\t\t\t\t<\/div>\t\t<div class=\"elementor-element elementor-element-c381e41 elementor-widget elementor-widget-heading\" data-id=\"c381e41\" data-element_type=\"widget\" data-e-type=\"widget\" data-widget_type=\"heading.default\">\n\t\t\t\t<div class=\"elementor-widget-container\">\n\t\t\t\t\t<h2 class=\"elementor-heading-title elementor-size-default\">Wir sind Innovation<\/h2>\t\t\t\t<\/div>\n\t\t\t\t<\/div>\n\t\t\t\t<div class=\"elementor-element elementor-element-55ad3bb elementor-widget elementor-widget-image\" data-id=\"55ad3bb\" data-element_type=\"widget\" data-e-type=\"widget\" data-widget_type=\"image.default\">\n\t\t\t\t<div class=\"elementor-widget-container\">\n\t\t\t\t\t\t\t\t\t\t\t\t\t\t\t<img fetchpriority=\"high\" decoding=\"async\" width=\"800\" height=\"209\" src=\"https:\/\/usetokenpay.com\/wp-content\/uploads\/2026\/03\/tokenpay-logo-mit-Schriftzug-weis-6000pxw-2-1024x267.png\" class=\"attachment-large size-large wp-image-8448\" alt=\"\" srcset=\"https:\/\/usetokenpay.com\/wp-content\/uploads\/2026\/03\/tokenpay-logo-mit-Schriftzug-weis-6000pxw-2-1024x267.png 1024w, https:\/\/usetokenpay.com\/wp-content\/uploads\/2026\/03\/tokenpay-logo-mit-Schriftzug-weis-6000pxw-2-300x78.png 300w, https:\/\/usetokenpay.com\/wp-content\/uploads\/2026\/03\/tokenpay-logo-mit-Schriftzug-weis-6000pxw-2-768x201.png 768w, https:\/\/usetokenpay.com\/wp-content\/uploads\/2026\/03\/tokenpay-logo-mit-Schriftzug-weis-6000pxw-2-1536x401.png 1536w, https:\/\/usetokenpay.com\/wp-content\/uploads\/2026\/03\/tokenpay-logo-mit-Schriftzug-weis-6000pxw-2-2048x535.png 2048w, https:\/\/usetokenpay.com\/wp-content\/uploads\/2026\/03\/tokenpay-logo-mit-Schriftzug-weis-6000pxw-2-18x5.png 18w, https:\/\/usetokenpay.com\/wp-content\/uploads\/2026\/03\/tokenpay-logo-mit-Schriftzug-weis-6000pxw-2-600x157.png 600w\" sizes=\"(max-width: 800px) 100vw, 800px\" \/>\t\t\t\t\t\t\t\t\t\t\t\t\t\t\t<\/div>\n\t\t\t\t<\/div>\n\t\t\t\t\t<\/div>\n\t\t\t\t<\/div>\n\t\t<div class=\"elementor-element elementor-element-d27c742 e-flex e-con-boxed e-con e-parent\" data-id=\"d27c742\" data-element_type=\"container\" data-e-type=\"container\" data-settings=\"{&quot;background_background&quot;:&quot;classic&quot;}\">\n\t\t\t\t\t<div class=\"e-con-inner\">\n\t\t\t\t<div class=\"elementor-element elementor-element-c1bf3ac elementor-widget elementor-widget-heading\" data-id=\"c1bf3ac\" data-element_type=\"widget\" data-e-type=\"widget\" data-widget_type=\"heading.default\">\n\t\t\t\t<div class=\"elementor-widget-container\">\n\t\t\t\t\t<h2 class=\"elementor-heading-title elementor-size-default\">Du machst den Unterschied - genau deswegen suchen wir Dich!<\/h2>\t\t\t\t<\/div>\n\t\t\t\t<\/div>\n\t\t\t\t<div class=\"elementor-element elementor-element-81f680d elementor-widget elementor-widget-text-editor\" data-id=\"81f680d\" data-element_type=\"widget\" data-e-type=\"widget\" data-widget_type=\"text-editor.default\">\n\t\t\t\t<div class=\"elementor-widget-container\">\n\t\t\t\t\t\t\t\t\t<p>TokenPay ist das Zahlungssystem der neuen Welt &#8211; von Afrika \u00fcber Asien bis hin zu Digitalen Assets. Wir vereinen die klassische Finanzwelt mit mondernster Technologie um tats\u00e4chliche Probleme zu l\u00f6sen und weltweite Transaktionen einfacher, kosteng\u00fcnstiger und besser zu machen.<\/p><p>Wir leben den Gedanken der Innovation, die verbessert. Nicht alles was gl\u00e4nzt ist neu. Wir bauen auf bestehenden Systemen sinnvoll auf, entwickeln sie weiter oder erg\u00e4nzen mit eigener Infrastruktur. Die Grundlage daf\u00fcr bist Du: Menschen die weiterdenken, Spa\u00df daran haben und bei der Komplexit\u00e4t anfangen wo andere aufh\u00f6ren.<\/p><p>Jeder bei TokenPay hat starke individuelle F\u00e4higkeiten; unschlagbar sind wir als Team.<\/p><p>Willkommen in der neuen Welt &#8211; willkommen bei TokenPay!<\/p>\t\t\t\t\t\t\t\t<\/div>\n\t\t\t\t<\/div>\n\t\t\t\t\t<\/div>\n\t\t\t\t<\/div>\n\t\t<div class=\"elementor-element elementor-element-7d19abe e-flex e-con-boxed e-con e-parent\" data-id=\"7d19abe\" data-element_type=\"container\" data-e-type=\"container\" data-settings=\"{&quot;background_background&quot;:&quot;classic&quot;}\">\n\t\t\t\t\t<div class=\"e-con-inner\">\n\t\t\t\t<div class=\"elementor-element elementor-element-314abd6 elementor-widget elementor-widget-text-editor\" data-id=\"314abd6\" data-element_type=\"widget\" data-e-type=\"widget\" data-widget_type=\"text-editor.default\">\n\t\t\t\t<div class=\"elementor-widget-container\">\n\t\t\t\t\t\t\t\t\t<p>Unsere Vision<\/p>\t\t\t\t\t\t\t\t<\/div>\n\t\t\t\t<\/div>\n\t\t\t\t<div class=\"elementor-element elementor-element-65bb147 elementor-widget elementor-widget-heading\" data-id=\"65bb147\" data-element_type=\"widget\" data-e-type=\"widget\" data-widget_type=\"heading.default\">\n\t\t\t\t<div class=\"elementor-widget-container\">\n\t\t\t\t\t<h2 class=\"elementor-heading-title elementor-size-default\">Wir sind das Zahlungssystem der neuen Welt.<\/h2>\t\t\t\t<\/div>\n\t\t\t\t<\/div>\n\t\t\t\t<div class=\"elementor-element elementor-element-74fef28 elementor-widget elementor-widget-spacer\" data-id=\"74fef28\" data-element_type=\"widget\" data-e-type=\"widget\" data-widget_type=\"spacer.default\">\n\t\t\t\t<div class=\"elementor-widget-container\">\n\t\t\t\t\t\t\t<div class=\"elementor-spacer\">\n\t\t\t<div class=\"elementor-spacer-inner\"><\/div>\n\t\t<\/div>\n\t\t\t\t\t\t<\/div>\n\t\t\t\t<\/div>\n\t\t\t\t<div class=\"elementor-element elementor-element-dd2455c elementor-widget elementor-widget-text-editor\" data-id=\"dd2455c\" data-element_type=\"widget\" data-e-type=\"widget\" data-widget_type=\"text-editor.default\">\n\t\t\t\t<div class=\"elementor-widget-container\">\n\t\t\t\t\t\t\t\t\t<p>Unsere Mission<\/p>\t\t\t\t\t\t\t\t<\/div>\n\t\t\t\t<\/div>\n\t\t\t\t<div class=\"elementor-element elementor-element-88ffe0f elementor-widget elementor-widget-heading\" data-id=\"88ffe0f\" data-element_type=\"widget\" data-e-type=\"widget\" data-widget_type=\"heading.default\">\n\t\t\t\t<div class=\"elementor-widget-container\">\n\t\t\t\t\t<h2 class=\"elementor-heading-title elementor-size-default\">Wir beginnen dort, wo Deine Bank aufh\u00f6rt.<\/h2>\t\t\t\t<\/div>\n\t\t\t\t<\/div>\n\t\t\t\t<div class=\"elementor-element elementor-element-8604ecb elementor-widget elementor-widget-spacer\" data-id=\"8604ecb\" data-element_type=\"widget\" data-e-type=\"widget\" data-widget_type=\"spacer.default\">\n\t\t\t\t<div class=\"elementor-widget-container\">\n\t\t\t\t\t\t\t<div class=\"elementor-spacer\">\n\t\t\t<div class=\"elementor-spacer-inner\"><\/div>\n\t\t<\/div>\n\t\t\t\t\t\t<\/div>\n\t\t\t\t<\/div>\n\t\t\t\t<div class=\"elementor-element elementor-element-4c41e67 elementor-widget elementor-widget-text-editor\" data-id=\"4c41e67\" data-element_type=\"widget\" data-e-type=\"widget\" data-widget_type=\"text-editor.default\">\n\t\t\t\t<div class=\"elementor-widget-container\">\n\t\t\t\t\t\t\t\t\t<p>Und jetzt Du<\/p>\t\t\t\t\t\t\t\t<\/div>\n\t\t\t\t<\/div>\n\t\t\t\t<div class=\"elementor-element elementor-element-5f0f4f2 elementor-widget elementor-widget-heading\" data-id=\"5f0f4f2\" data-element_type=\"widget\" data-e-type=\"widget\" data-widget_type=\"heading.default\">\n\t\t\t\t<div class=\"elementor-widget-container\">\n\t\t\t\t\t<h2 class=\"elementor-heading-title elementor-size-default\">Schreibe diese Geschichte gemeinsam mit uns.<\/h2>\t\t\t\t<\/div>\n\t\t\t\t<\/div>\n\t\t\t\t\t<\/div>\n\t\t\t\t<\/div>\n\t\t<div class=\"elementor-element elementor-element-cf89fe4 e-flex e-con-boxed e-con e-parent\" data-id=\"cf89fe4\" data-element_type=\"container\" data-e-type=\"container\">\n\t\t\t\t\t<div class=\"e-con-inner\">\n\t\t\t\t<div class=\"elementor-element elementor-element-7b8a793 elementor-widget elementor-widget-heading\" data-id=\"7b8a793\" data-element_type=\"widget\" data-e-type=\"widget\" data-widget_type=\"heading.default\">\n\t\t\t\t<div class=\"elementor-widget-container\">\n\t\t\t\t\t<h2 class=\"elementor-heading-title elementor-size-default\">Genau Du bist jetzt gefragt<\/h2>\t\t\t\t<\/div>\n\t\t\t\t<\/div>\n\t\t\t\t<div class=\"elementor-element elementor-element-3cc2a79 elementor-widget elementor-widget-text-editor\" data-id=\"3cc2a79\" data-element_type=\"widget\" data-e-type=\"widget\" data-widget_type=\"text-editor.default\">\n\t\t\t\t<div class=\"elementor-widget-container\">\n\t\t\t\t\t\t\t\t\t<p>Wir sind jederzeit offen f\u00fcr Initiativ-Bewerbungen: \u00dcberrasche uns! Du erreichst uns unter <a href=\"mailto:hr@usetokenpay.com\">mitgestalten@usetokenpay.com<\/a>.<br \/>Aktuell sind folgende Stellen bei uns ausgeschrieben:<\/p>\t\t\t\t\t\t\t\t<\/div>\n\t\t\t\t<\/div>\n\t\t\t\t<div class=\"elementor-element elementor-element-8868fe8 elementor-grid-2 elementor-grid-tablet-2 elementor-grid-mobile-1 elementor-posts--thumbnail-top elementor-card-shadow-yes elementor-posts__hover-gradient elementor-widget elementor-widget-posts\" data-id=\"8868fe8\" data-element_type=\"widget\" data-e-type=\"widget\" data-settings=\"{&quot;cards_columns&quot;:&quot;2&quot;,&quot;cards_columns_tablet&quot;:&quot;2&quot;,&quot;cards_columns_mobile&quot;:&quot;1&quot;,&quot;cards_row_gap&quot;:{&quot;unit&quot;:&quot;px&quot;,&quot;size&quot;:35,&quot;sizes&quot;:[]},&quot;cards_row_gap_tablet&quot;:{&quot;unit&quot;:&quot;px&quot;,&quot;size&quot;:&quot;&quot;,&quot;sizes&quot;:[]},&quot;cards_row_gap_mobile&quot;:{&quot;unit&quot;:&quot;px&quot;,&quot;size&quot;:&quot;&quot;,&quot;sizes&quot;:[]}}\" data-widget_type=\"posts.cards\">\n\t\t\t\t<div class=\"elementor-widget-container\">\n\t\t\t\t\t\t\t<div class=\"elementor-posts-container elementor-posts elementor-posts--skin-cards elementor-grid\" role=\"list\">\n\t\t\t\t<article class=\"elementor-post elementor-grid-item post-9943 post type-post status-publish format-standard has-post-thumbnail hentry category-job\" role=\"listitem\">\n\t\t\t<div class=\"elementor-post__card\">\n\t\t\t\t<a class=\"elementor-post__thumbnail__link\" href=\"https:\/\/usetokenpay.com\/en\/deine-initiativbewerbung-m-w-d\/\" tabindex=\"-1\" target=\"_blank\"><div class=\"elementor-post__thumbnail\"><img decoding=\"async\" width=\"800\" height=\"534\" src=\"https:\/\/usetokenpay.com\/wp-content\/uploads\/2026\/02\/IMG_3405-1024x683.jpg\" class=\"attachment-large size-large wp-image-8296\" alt=\"\" srcset=\"https:\/\/usetokenpay.com\/wp-content\/uploads\/2026\/02\/IMG_3405-1024x683.jpg 1024w, https:\/\/usetokenpay.com\/wp-content\/uploads\/2026\/02\/IMG_3405-300x200.jpg 300w, https:\/\/usetokenpay.com\/wp-content\/uploads\/2026\/02\/IMG_3405-768x512.jpg 768w, https:\/\/usetokenpay.com\/wp-content\/uploads\/2026\/02\/IMG_3405-1536x1024.jpg 1536w, https:\/\/usetokenpay.com\/wp-content\/uploads\/2026\/02\/IMG_3405-2048x1365.jpg 2048w, https:\/\/usetokenpay.com\/wp-content\/uploads\/2026\/02\/IMG_3405-18x12.jpg 18w, https:\/\/usetokenpay.com\/wp-content\/uploads\/2026\/02\/IMG_3405-600x400.jpg 600w\" sizes=\"(max-width: 800px) 100vw, 800px\" \/><\/div><\/a>\n\t\t\t\t<div class=\"elementor-post__badge\">Stellenanzeige<\/div>\n\t\t\t\t<div class=\"elementor-post__text\">\n\t\t\t\t<h3 class=\"elementor-post__title\">\n\t\t\t<a href=\"https:\/\/usetokenpay.com\/en\/deine-initiativbewerbung-m-w-d\/\" target=\"&quot;_blank&quot;\">\n\t\t\t\tDeine Initiativbewerbung (m\/w\/d)\t\t\t<\/a>\n\t\t<\/h3>\n\t\t\t\t<div class=\"elementor-post__excerpt\">\n\t\t\t<p>TokenPay ist ein innovatives Fin-Tech aus Frankfurt am Main mit Zweigniederlassung in Mannheim. Unter dem Motto &#8222;Wir beginnen dort, wo Deine Bank aufh\u00f6rt&#8220; hat TokenPay ein globales Transaktionssystem, das auf Basis der Blockchain-Technologie innerhalb von Sekunden Transaktionen kosteng\u00fcnstig zwischen Bankkonten<\/p>\n\t\t<\/div>\n\t\t\n\t\t<a class=\"elementor-post__read-more\" href=\"https:\/\/usetokenpay.com\/en\/deine-initiativbewerbung-m-w-d\/\" aria-label=\"Read more about Deine Initiativbewerbung (m\/w\/d)\" tabindex=\"-1\" target=\"_blank\">\n\t\t\tMEHR LESEN \u00bb\t\t<\/a>\n\n\t\t\t\t<\/div>\n\t\t\t\t<div class=\"elementor-post__meta-data\">\n\t\t\t\t\t<span class=\"elementor-post-date\">\n\t\t\tApril 13, 2026\t\t<\/span>\n\t\t\t\t<\/div>\n\t\t\t\t\t<\/div>\n\t\t<\/article>\n\t\t\t\t<\/div>\n\t\t\n\t\t\t\t\t\t<\/div>\n\t\t\t\t<\/div>\n\t\t\t\t\t<\/div>\n\t\t\t\t<\/div>\n\t\t\t\t<\/div>","protected":false},"excerpt":{"rendered":"<p>Wir sind Innovation Du machst den Unterschied &#8211; genau deswegen suchen wir Dich! TokenPay ist das Zahlungssystem der neuen Welt &#8211; von Afrika \u00fcber Asien bis hin zu Digitalen Assets. Wir vereinen die klassische Finanzwelt mit mondernster Technologie um tats\u00e4chliche Probleme zu l\u00f6sen und weltweite Transaktionen einfacher, kosteng\u00fcnstiger und besser zu machen. Wir leben den [&hellip;]<\/p>\n","protected":false},"author":1,"featured_media":0,"parent":0,"menu_order":0,"comment_status":"closed","ping_status":"closed","template":"","meta":{"footnotes":""},"class_list":["post-9025","page","type-page","status-publish","hentry"],"_links":{"self":[{"href":"https:\/\/usetokenpay.com\/en\/wp-json\/wp\/v2\/pages\/9025","targetHints":{"allow":["GET"]}}],"collection":[{"href":"https:\/\/usetokenpay.com\/en\/wp-json\/wp\/v2\/pages"}],"about":[{"href":"https:\/\/usetokenpay.com\/en\/wp-json\/wp\/v2\/types\/page"}],"author":[{"embeddable":true,"href":"https:\/\/usetokenpay.com\/en\/wp-json\/wp\/v2\/users\/1"}],"replies":[{"embeddable":true,"href":"https:\/\/usetokenpay.com\/en\/wp-json\/wp\/v2\/comments?post=9025"}],"version-history":[{"count":25,"href":"https:\/\/usetokenpay.com\/en\/wp-json\/wp\/v2\/pages\/9025\/revisions"}],"predecessor-version":[{"id":12099,"href":"https:\/\/usetokenpay.com\/en\/wp-json\/wp\/v2\/pages\/9025\/revisions\/12099"}],"wp:attachment":[{"href":"https:\/\/usetokenpay.com\/en\/wp-json\/wp\/v2\/media?parent=9025"}],"curies":[{"name":"wp","href":"https:\/\/api.w.org\/{rel}","templated":true}]}}