{"id":10324,"date":"2026-04-14T14:28:55","date_gmt":"2026-04-14T14:28:55","guid":{"rendered":"https:\/\/usetokenpay.com\/?page_id=10324"},"modified":"2026-04-21T17:04:36","modified_gmt":"2026-04-21T17:04:36","slug":"open-account","status":"publish","type":"page","link":"https:\/\/usetokenpay.com\/en\/open-account\/","title":{"rendered":"Open an account"},"content":{"rendered":"<div data-elementor-type=\"wp-page\" data-elementor-id=\"10324\" class=\"elementor elementor-10324\" data-elementor-post-type=\"page\">\n\t\t\t\t<div class=\"elementor-element elementor-element-55ce4cb e-flex e-con-boxed e-con e-parent\" data-id=\"55ce4cb\" data-element_type=\"container\" data-e-type=\"container\" data-settings=\"{&quot;background_background&quot;:&quot;classic&quot;}\">\n\t\t\t\t\t<div class=\"e-con-inner\">\n\t\t\t\t<div class=\"elementor-element elementor-element-46b0150 elementor-widget elementor-widget-heading\" data-id=\"46b0150\" data-element_type=\"widget\" data-e-type=\"widget\" data-widget_type=\"heading.default\">\n\t\t\t\t<div class=\"elementor-widget-container\">\n\t\t\t\t\t<h2 class=\"elementor-heading-title elementor-size-default\">Entdecke die Welt f\u00fcr Dein Geld neu<br>\n mit Deinem TokenPay Account<\/h2>\t\t\t\t<\/div>\n\t\t\t\t<\/div>\n\t\t\t\t\t<\/div>\n\t\t\t\t<\/div>\n\t\t<div class=\"elementor-element elementor-element-3d9ab2d e-flex e-con-boxed e-con e-parent\" data-id=\"3d9ab2d\" data-element_type=\"container\" data-e-type=\"container\">\n\t\t\t\t\t<div class=\"e-con-inner\">\n\t\t\t\t<div class=\"elementor-element elementor-element-814e86a elementor-widget elementor-widget-heading\" data-id=\"814e86a\" data-element_type=\"widget\" data-e-type=\"widget\" data-widget_type=\"heading.default\">\n\t\t\t\t<div class=\"elementor-widget-container\">\n\t\t\t\t\t<h2 class=\"elementor-heading-title elementor-size-default\">TokenPay Account Er\u00f6ffnung starten. <\/h2>\t\t\t\t<\/div>\n\t\t\t\t<\/div>\n\t\t\t\t<div class=\"elementor-element elementor-element-7620ce1 elementor-widget elementor-widget-text-editor\" data-id=\"7620ce1\" data-element_type=\"widget\" data-e-type=\"widget\" data-widget_type=\"text-editor.default\">\n\t\t\t\t<div class=\"elementor-widget-container\">\n\t\t\t\t\t\t\t\t\t<p>Bitte w\u00e4hle aus, ob Du Deinen TokenPay Account als Privatperson oder als Unternehmen \/ NGO er\u00f6ffnen m\u00f6chtest.<\/p>\t\t\t\t\t\t\t\t<\/div>\n\t\t\t\t<\/div>\n\t\t<div class=\"elementor-element elementor-element-15884e7 e-con-full e-flex e-con e-child\" data-id=\"15884e7\" data-element_type=\"container\" data-e-type=\"container\">\n\t\t<div class=\"elementor-element elementor-element-b9db7da e-con-full e-flex e-con e-child\" data-id=\"b9db7da\" data-element_type=\"container\" data-e-type=\"container\">\n\t\t\t\t<div class=\"elementor-element elementor-element-78bdbe7 elementor-view-framed elementor-widget__width-inherit elementor-widget-mobile__width-inherit elementor-shape-circle elementor-position-block-start elementor-mobile-position-block-start elementor-widget elementor-widget-icon-box\" data-id=\"78bdbe7\" data-element_type=\"widget\" data-e-type=\"widget\" data-widget_type=\"icon-box.default\">\n\t\t\t\t<div class=\"elementor-widget-container\">\n\t\t\t\t\t\t\t<div class=\"elementor-icon-box-wrapper\">\n\n\t\t\t\t\t\t<div class=\"elementor-icon-box-icon\">\n\t\t\t\t<a href=\"https:\/\/dashboard.usetokenpay.com\/signup\" target=\"_blank\" class=\"elementor-icon elementor-animation-pulse-grow\" tabindex=\"-1\" aria-label=\"Als Privatperson\">\n\t\t\t\t<i aria-hidden=\"true\" class=\"ti-face-smile\"><\/i>\t\t\t\t<\/a>\n\t\t\t<\/div>\n\t\t\t\n\t\t\t\t\t\t<div class=\"elementor-icon-box-content\">\n\n\t\t\t\t\t\t\t\t\t<h3 class=\"elementor-icon-box-title\">\n\t\t\t\t\t\t<a href=\"https:\/\/dashboard.usetokenpay.com\/signup\" target=\"_blank\" >\n\t\t\t\t\t\t\tAls Privatperson\t\t\t\t\t\t<\/a>\n\t\t\t\t\t<\/h3>\n\t\t\t\t\n\t\t\t\t\n\t\t\t<\/div>\n\t\t\t\n\t\t<\/div>\n\t\t\t\t\t\t<\/div>\n\t\t\t\t<\/div>\n\t\t\t\t<\/div>\n\t\t<div class=\"elementor-element elementor-element-52e0cfa e-con-full e-flex e-con e-child\" data-id=\"52e0cfa\" data-element_type=\"container\" data-e-type=\"container\">\n\t\t\t\t<div class=\"elementor-element elementor-element-3a2b591 elementor-view-framed elementor-widget__width-inherit elementor-widget-mobile__width-inherit elementor-shape-circle elementor-position-block-start elementor-mobile-position-block-start elementor-widget elementor-widget-icon-box\" data-id=\"3a2b591\" data-element_type=\"widget\" data-e-type=\"widget\" data-widget_type=\"icon-box.default\">\n\t\t\t\t<div class=\"elementor-widget-container\">\n\t\t\t\t\t\t\t<div class=\"elementor-icon-box-wrapper\">\n\n\t\t\t\t\t\t<div class=\"elementor-icon-box-icon\">\n\t\t\t\t<a href=\"https:\/\/consumer.usetokenpay.com\/signup\" target=\"_blank\" class=\"elementor-icon elementor-animation-pulse-grow\" tabindex=\"-1\" aria-label=\"Als Unternehmen oder NGO\">\n\t\t\t\t<i aria-hidden=\"true\" class=\"icon icon-factory\"><\/i>\t\t\t\t<\/a>\n\t\t\t<\/div>\n\t\t\t\n\t\t\t\t\t\t<div class=\"elementor-icon-box-content\">\n\n\t\t\t\t\t\t\t\t\t<h3 class=\"elementor-icon-box-title\">\n\t\t\t\t\t\t<a href=\"https:\/\/consumer.usetokenpay.com\/signup\" target=\"_blank\" >\n\t\t\t\t\t\t\tAls Unternehmen oder NGO\t\t\t\t\t\t<\/a>\n\t\t\t\t\t<\/h3>\n\t\t\t\t\n\t\t\t\t\n\t\t\t<\/div>\n\t\t\t\n\t\t<\/div>\n\t\t\t\t\t\t<\/div>\n\t\t\t\t<\/div>\n\t\t\t\t<\/div>\n\t\t\t\t<\/div>\n\t\t\t\t\t<\/div>\n\t\t\t\t<\/div>\n\t\t<div class=\"elementor-element elementor-element-68d053d e-flex e-con-boxed e-con e-parent\" data-id=\"68d053d\" data-element_type=\"container\" data-e-type=\"container\" data-settings=\"{&quot;background_background&quot;:&quot;video&quot;,&quot;background_video_link&quot;:&quot;https:\\\/\\\/usetokenpay.com\\\/wp-content\\\/uploads\\\/2026\\\/03\\\/enjoying-morning-coffee-with-moka-pot-amidst-misty-2025-12-18-01-55-29-utc-1.mp4&quot;}\">\n\t\t\t\t\t<div class=\"e-con-inner\">\n\t\t<div class=\"elementor-background-video-container elementor-hidden-mobile\">\n\t\t\t\t\t\t\t<video class=\"elementor-background-video-hosted\" role=\"presentation\" autoplay muted playsinline loop><\/video>\n\t\t\t\t\t<\/div>\t\t<div class=\"elementor-element elementor-element-87c2cc5 elementor-widget elementor-widget-heading\" data-id=\"87c2cc5\" data-element_type=\"widget\" data-e-type=\"widget\" data-widget_type=\"heading.default\">\n\t\t\t\t<div class=\"elementor-widget-container\">\n\t\t\t\t\t<h2 class=\"elementor-heading-title elementor-size-default\">Gerne steht Dir jederzeit unser Kundenservice unterst\u00fctzend zur Seite<\/h2>\t\t\t\t<\/div>\n\t\t\t\t<\/div>\n\t\t\t\t\t<\/div>\n\t\t\t\t<\/div>\n\t\t\t\t<\/div>","protected":false},"excerpt":{"rendered":"<p>Entdecke die Welt f\u00fcr Dein Geld neu mit Deinem TokenPay Account TokenPay Account Er\u00f6ffnung starten. Bitte w\u00e4hle aus, ob Du Deinen TokenPay Account als Privatperson oder als Unternehmen \/ NGO er\u00f6ffnen m\u00f6chtest. Als Privatperson Als Unternehmen oder NGO Gerne steht Dir jederzeit unser Kundenservice unterst\u00fctzend zur Seite<\/p>","protected":false},"author":1,"featured_media":0,"parent":0,"menu_order":0,"comment_status":"closed","ping_status":"closed","template":"","meta":{"footnotes":""},"class_list":["post-10324","page","type-page","status-publish","hentry"],"_links":{"self":[{"href":"https:\/\/usetokenpay.com\/en\/wp-json\/wp\/v2\/pages\/10324","targetHints":{"allow":["GET"]}}],"collection":[{"href":"https:\/\/usetokenpay.com\/en\/wp-json\/wp\/v2\/pages"}],"about":[{"href":"https:\/\/usetokenpay.com\/en\/wp-json\/wp\/v2\/types\/page"}],"author":[{"embeddable":true,"href":"https:\/\/usetokenpay.com\/en\/wp-json\/wp\/v2\/users\/1"}],"replies":[{"embeddable":true,"href":"https:\/\/usetokenpay.com\/en\/wp-json\/wp\/v2\/comments?post=10324"}],"version-history":[{"count":25,"href":"https:\/\/usetokenpay.com\/en\/wp-json\/wp\/v2\/pages\/10324\/revisions"}],"predecessor-version":[{"id":12259,"href":"https:\/\/usetokenpay.com\/en\/wp-json\/wp\/v2\/pages\/10324\/revisions\/12259"}],"wp:attachment":[{"href":"https:\/\/usetokenpay.com\/en\/wp-json\/wp\/v2\/media?parent=10324"}],"curies":[{"name":"wp","href":"https:\/\/api.w.org\/{rel}","templated":true}]}}